{"id":5254,"date":"2020-06-01T17:38:55","date_gmt":"2020-06-01T22:38:55","guid":{"rendered":"https:\/\/dianamoraseguros.com.co\/?page_id=5254"},"modified":"2020-06-26T17:04:15","modified_gmt":"2020-06-26T22:04:15","slug":"futuro","status":"publish","type":"page","link":"https:\/\/dianamoraseguros.com.co\/index.php\/homepages\/futuro\/","title":{"rendered":"Futuro"},"content":{"rendered":"<p>[vc_row full_width=&#8221;stretch_row_content&#8221; content_placement=&#8221;middle&#8221;][vc_column]<link href=\"https:\/\/fonts.googleapis.com\/css?family=Roboto:500\" rel=\"stylesheet\" property=\"stylesheet\" type=\"text\/css\" media=\"all\">\n<div id=\"rev_slider_34_1_wrapper\" class=\"rev_slider_wrapper fullscreen-container\" data-source=\"gallery\" style=\"background:transparent;padding:0px;\">\n<!-- START REVOLUTION SLIDER 5.4.8.3 fullscreen mode -->\n\t<div id=\"rev_slider_34_1\" class=\"rev_slider fullscreenbanner\" style=\"display:none;\" data-version=\"5.4.8.3\">\n<ul>\t<!-- SLIDE  -->\n\t<li data-index=\"rs-72\" data-transition=\"fade\" data-slotamount=\"default\" data-hideafterloop=\"0\" data-hideslideonmobile=\"off\"  data-easein=\"default\" data-easeout=\"default\" data-masterspeed=\"300\"  data-rotate=\"0\"  data-saveperformance=\"off\"  data-title=\"Slide\" data-param1=\"\" data-param2=\"\" data-param3=\"\" data-param4=\"\" data-param5=\"\" data-param6=\"\" data-param7=\"\" data-param8=\"\" data-param9=\"\" data-param10=\"\" data-description=\"\">\n\t\t<!-- MAIN IMAGE -->\n\t\t<img loading=\"lazy\" decoding=\"async\" src=\"https:\/\/dianamoraseguros.com.co\/wp-content\/uploads\/2020\/06\/ahorro-scaled.jpg\"  alt=\"\" title=\"familia ahorrando\"  width=\"2560\" height=\"1663\" data-bgposition=\"center center\" data-kenburns=\"on\" data-duration=\"10000\" data-ease=\"Linear.easeNone\" data-scalestart=\"100\" data-scaleend=\"110\" data-rotatestart=\"0\" data-rotateend=\"0\" data-blurstart=\"0\" data-blurend=\"0\" data-offsetstart=\"0 0\" data-offsetend=\"0 0\" class=\"rev-slidebg\" data-no-retina>\n\t\t<!-- LAYERS -->\n\n\t\t<!-- LAYER NR. 1 -->\n\t\t<a class=\"tp-caption rev-scroll-btn \" \n href=\"#section-about\" target=\"_self\"\t\t\t id=\"slide-72-layer-4\" \n\t\t\t data-x=\"['center','center','center','center']\" data-hoffset=\"['-9','-7','-7','12']\" \n\t\t\t data-y=\"['bottom','bottom','bottom','bottom']\" data-voffset=\"['141','93','93','22']\" \n\t\t\t\t\t\tdata-width=\"25\"\n\t\t\tdata-height=\"40\"\n\t\t\tdata-whitespace=\"nowrap\"\n \n\t\t\tdata-type=\"button\" \n\t\t\tdata-actions=''\n\t\t\tdata-basealign=\"slide\" \n\t\t\tdata-responsive_offset=\"off\" \n\t\t\tdata-responsive=\"off\"\n\t\t\tdata-frames='[{\"delay\":350,\"speed\":1000,\"frame\":\"0\",\"from\":\"y:50px;opacity:0;\",\"to\":\"o:1;\",\"ease\":\"Power3.easeInOut\"},{\"delay\":\"wait\",\"speed\":300,\"frame\":\"999\",\"to\":\"opacity:0;\",\"ease\":\"Power3.easeInOut\"}]'\n\t\t\tdata-textAlign=\"['inherit','inherit','inherit','inherit']\"\n\t\t\tdata-paddingtop=\"[0,0,0,0]\"\n\t\t\tdata-paddingright=\"[0,0,0,0]\"\n\t\t\tdata-paddingbottom=\"[0,0,0,0]\"\n\t\t\tdata-paddingleft=\"[0,0,0,0]\"\n\n\t\t\tstyle=\"z-index: 5; min-width: 25px; max-width: 25px; max-width: 40px; max-width: 40px; white-space: nowrap; font-size: px; line-height: px; font-weight: 400; color: transparent; letter-spacing: px;background-color:rgba(0,0,0,0);border-color:rgb(255,255,255);border-style:solid;border-width:3px 3px 3px 3px;border-radius:23px 23px 23px 23px;box-sizing:border-box;-moz-box-sizing:border-box;-webkit-box-sizing:border-box;cursor:pointer;text-decoration: none;\">\t\t\t\t\t\t\t\n\t\t\t\t\t\t\t<span>\n\t\t\t\t\t\t\t<\/span>\t\t\t\t\t\t\t\n\t\t\t\t\t\t <\/a>\n\n\t\t<!-- LAYER NR. 2 -->\n\t\t<div class=\"tp-caption medium_text  \" \n\t\t\t id=\"slide-72-layer-16\" \n\t\t\t data-x=\"['center','center','center','center']\" data-hoffset=\"['17','6','22','20']\" \n\t\t\t data-y=\"['middle','middle','middle','middle']\" data-voffset=\"['-49','-94','69','50']\" \n\t\t\t\t\t\tdata-fontsize=\"['25','18','18','20']\"\n\t\t\tdata-lineheight=\"['30','34','34','34']\"\n\t\t\tdata-fontweight=\"['700','300','300','300']\"\n\t\t\tdata-color=\"['rgb(255,255,255)','rgba(255,255,255,0.7)','rgba(255,255,255,0.7)','rgba(255,255,255,0.7)']\"\n\t\t\tdata-width=\"['663','610','652','384']\"\n\t\t\tdata-height=\"['106','69','109','none']\"\n\t\t\tdata-whitespace=\"normal\"\n \n\t\t\tdata-type=\"text\" \n\t\t\tdata-basealign=\"slide\" \n\t\t\tdata-responsive_offset=\"on\" \n\t\t\tdata-responsive=\"off\"\n\t\t\tdata-frames='[{\"delay\":350,\"speed\":1000,\"frame\":\"0\",\"from\":\"y:50px;opacity:0;\",\"to\":\"o:1;\",\"ease\":\"Power3.easeInOut\"},{\"delay\":\"wait\",\"speed\":300,\"frame\":\"999\",\"to\":\"opacity:0;\",\"ease\":\"Power3.easeInOut\"}]'\n\t\t\tdata-textAlign=\"['center','center','center','center']\"\n\t\t\tdata-paddingtop=\"[2,2,2,2]\"\n\t\t\tdata-paddingright=\"[4,4,4,4]\"\n\t\t\tdata-paddingbottom=\"[,,,]\"\n\t\t\tdata-paddingleft=\"[,,,]\"\n\n\t\t\tstyle=\"z-index: 6; min-width: 663px; max-width: 663px; max-width: 106px; max-width: 106px; white-space: normal; font-size: 25px; line-height: 30px; letter-spacing: 0px;\">Si so\u00f1ar es sin\u00f3nimo de calidad de vida, hacer realidad lo que anhelas es felicidad. \u00bfQuieres asegurar desde hoy tu educaci\u00f3n o la de tus seres queridos? \u00bfDeseas contar con un ingreso extra cuando te retires laboralmente y goces de tu jubilaci\u00f3n? Nunca es tarde para que empieces a construir tu futuro y el de las personas que le dan sentido a tu existencia.  <\/div>\n\n\t\t<!-- LAYER NR. 3 -->\n\t\t<div class=\"tp-caption    secondary-font\" \n\t\t\t id=\"slide-72-layer-18\" \n\t\t\t data-x=\"['center','center','center','center']\" data-hoffset=\"['0','0','0','0']\" \n\t\t\t data-y=\"['middle','middle','middle','middle']\" data-voffset=\"['-228','-228','-180','-180']\" \n\t\t\t\t\t\tdata-fontsize=\"['20','20','18','18']\"\n\t\t\tdata-lineheight=\"['30','30','26','26']\"\n\t\t\tdata-width=\"210\"\n\t\t\tdata-height=\"none\"\n\t\t\tdata-whitespace=\"normal\"\n \n\t\t\tdata-type=\"text\" \n\t\t\tdata-basealign=\"slide\" \n\t\t\tdata-responsive_offset=\"off\" \n\t\t\tdata-responsive=\"off\"\n\t\t\tdata-frames='[{\"delay\":350,\"speed\":1000,\"frame\":\"0\",\"from\":\"y:50px;opacity:0;\",\"to\":\"o:1;\",\"ease\":\"Power3.easeInOut\"},{\"delay\":\"wait\",\"speed\":300,\"frame\":\"999\",\"to\":\"opacity:0;\",\"ease\":\"Power3.easeInOut\"}]'\n\t\t\tdata-textAlign=\"['center','center','center','center']\"\n\t\t\tdata-paddingtop=\"[0,0,0,0]\"\n\t\t\tdata-paddingright=\"[0,0,0,0]\"\n\t\t\tdata-paddingbottom=\"[0,0,0,0]\"\n\t\t\tdata-paddingleft=\"[0,0,0,0]\"\n\n\t\t\tstyle=\"z-index: 8; min-width: 210px; max-width: 210px; white-space: normal; font-size: 20px; line-height: 30px; font-weight: 600; color: #ffffff; letter-spacing: 1px;\"> <\/div>\n\n\t\t<!-- LAYER NR. 4 -->\n\t\t<div class=\"tp-caption rev-btn \" \n\t\t\t id=\"slide-72-layer-21\" \n\t\t\t data-x=\"['left','left','left','left']\" data-hoffset=\"['582','326','268','138']\" \n\t\t\t data-y=\"['top','top','top','top']\" data-voffset=\"['743','713','600','574']\" \n\t\t\t\t\t\tdata-width=\"none\"\n\t\t\tdata-height=\"none\"\n\t\t\tdata-whitespace=\"nowrap\"\n \n\t\t\tdata-type=\"button\" \n\t\t\tdata-responsive_offset=\"on\" \n\t\t\tdata-responsive=\"off\"\n\t\t\tdata-frames='[{\"delay\":10,\"speed\":300,\"frame\":\"0\",\"from\":\"opacity:0;\",\"to\":\"o:1;\",\"ease\":\"Power3.easeInOut\"},{\"delay\":\"wait\",\"speed\":300,\"frame\":\"999\",\"to\":\"opacity:0;\",\"ease\":\"Power3.easeInOut\"},{\"frame\":\"hover\",\"speed\":\"0\",\"ease\":\"Linear.easeNone\",\"to\":\"o:1;rX:0;rY:0;rZ:0;z:0;\",\"style\":\"c:rgba(0,0,0,1);bg:rgba(255,255,255,1);bs:solid;bw:0 0 0 0;\"}]'\n\t\t\tdata-textAlign=\"['inherit','inherit','inherit','inherit']\"\n\t\t\tdata-paddingtop=\"[10,10,10,10]\"\n\t\t\tdata-paddingright=\"[30,30,30,30]\"\n\t\t\tdata-paddingbottom=\"[10,10,10,10]\"\n\t\t\tdata-paddingleft=\"[30,30,30,30]\"\n\n\t\t\tstyle=\"z-index: 9; white-space: nowrap; font-size: 14px; line-height: 14px; font-weight: 500; color: rgba(255,255,255,1); letter-spacing: px;font-family:Roboto;background-color:rgba(24,182,200,0.75);border-color:rgba(0,0,0,1);border-radius:30px 30px 30px 30px;outline:none;box-shadow:none;box-sizing:border-box;-moz-box-sizing:border-box;-webkit-box-sizing:border-box;cursor:pointer;\">Dezplaza para mirar los<br>  planes que tenemos para t\u00ed <\/div>\n\t<\/li>\n<\/ul>\n<div class=\"tp-bannertimer tp-bottom\" style=\"visibility: hidden !important;\"><\/div>\t<\/div>\n<script>var htmlDiv = document.getElementById(\"rs-plugin-settings-inline-css\"); var htmlDivCss=\".tp-caption.medium_text,.medium_text{color:#fff;font-weight:700;font-size:20px;line-height:20px;font-family:Arial;border-width:0px;border-style:none;position:absolute;text-shadow:0px 2px 5px rgba(0,0,0,0.5);white-space:nowrap}\";\r\n\t\t\t\tif(htmlDiv) {\r\n\t\t\t\t\thtmlDiv.innerHTML = htmlDiv.innerHTML + htmlDivCss;\r\n\t\t\t\t}else{\r\n\t\t\t\t\tvar htmlDiv = document.createElement(\"div\");\r\n\t\t\t\t\thtmlDiv.innerHTML = \"<style>\" + htmlDivCss + \"<\/style>\";\r\n\t\t\t\t\tdocument.getElementsByTagName(\"head\")[0].appendChild(htmlDiv.childNodes[0]);\r\n\t\t\t\t}\r\n\t\t\t<\/script>\n\t\t<script type=\"text\/javascript\">\r\nif (setREVStartSize!==undefined) setREVStartSize(\r\n\t{c: '#rev_slider_34_1', responsiveLevels: [1240,1024,778,480], gridwidth: [1400,1024,778,480], gridheight: [1000,900,800,700], sliderLayout: 'fullscreen', fullScreenAutoWidth:'on', fullScreenAlignForce:'off', fullScreenOffsetContainer:'', fullScreenOffset:''});\r\n\t\t\t\r\nvar revapi34,\r\n\ttpj;\t\r\n(function() {\t\t\t\r\n\tif (!\/loaded|interactive|complete\/.test(document.readyState)) document.addEventListener(\"DOMContentLoaded\",onLoad); else onLoad();\t\r\n\tfunction onLoad() {\t\t\t\t\r\n\t\tif (tpj===undefined) { tpj = jQuery; if(\"off\" == \"on\") tpj.noConflict();}\r\n\tif(tpj(\"#rev_slider_34_1\").revolution == undefined){\n\t\trevslider_showDoubleJqueryError(\"#rev_slider_34_1\");\n\t}else{\n\t\trevapi34 = tpj(\"#rev_slider_34_1\").show().revolution({\n\t\t\tsliderType:\"standard\",\n\t\t\tjsFileLocation:\"\/\/dianamoraseguros.com.co\/wp-content\/plugins\/revslider\/public\/assets\/js\/\",\n\t\t\tsliderLayout:\"fullscreen\",\n\t\t\tdottedOverlay:\"none\",\n\t\t\tdelay:9000,\n\t\t\tnavigation: {\n\t\t\t\tonHoverStop:\"off\",\n\t\t\t},\n\t\t\tresponsiveLevels:[1240,1024,778,480],\n\t\t\tvisibilityLevels:[1240,1024,778,480],\n\t\t\tgridwidth:[1400,1024,778,480],\n\t\t\tgridheight:[1000,900,800,700],\n\t\t\tlazyType:\"none\",\n\t\t\tshadow:0,\n\t\t\tspinner:\"spinner0\",\n\t\t\tstopLoop:\"off\",\n\t\t\tstopAfterLoops:-1,\n\t\t\tstopAtSlide:-1,\n\t\t\tshuffle:\"off\",\n\t\t\tautoHeight:\"off\",\n\t\t\tfullScreenAutoWidth:\"on\",\n\t\t\tfullScreenAlignForce:\"off\",\n\t\t\tfullScreenOffsetContainer: \"\",\n\t\t\tfullScreenOffset: \"\",\n\t\t\tdisableProgressBar:\"on\",\n\t\t\thideThumbsOnMobile:\"off\",\n\t\t\thideSliderAtLimit:0,\n\t\t\thideCaptionAtLimit:0,\n\t\t\thideAllCaptionAtLilmit:0,\n\t\t\tdebugMode:false,\n\t\t\tfallbacks: {\n\t\t\t\tsimplifyAll:\"off\",\n\t\t\t\tnextSlideOnWindowFocus:\"off\",\n\t\t\t\tdisableFocusListener:false,\n\t\t\t}\n\t\t});\n\t}; \/* END OF revapi call *\/\n\t\n }; \/* END OF ON LOAD FUNCTION *\/\r\n}()); \/* END OF WRAPPING FUNCTION *\/\r\n<\/script>\r\n\t\t<\/div><!-- END REVOLUTION SLIDER -->[\/vc_column][\/vc_row][vc_row full_width=&#8221;stretch_row&#8221; content_placement=&#8221;middle&#8221; height=&#8221;full-calc&#8221; background_color=&#8221;custom&#8221; lg_spacing=&#8221;padding_top:120;padding_bottom:120&#8243; custom_background_color=&#8221;#f9f9f9&#8243; onepage_anchor=&#8221;about&#8221;][vc_column][vc_row_inner content_placement=&#8221;middle&#8221;][vc_column_inner width=&#8221;1\/2&#8243;][tm_heading custom_google_font=&#8221;&#8221; font_weight=&#8221;600&#8243; font_style=&#8221;italic&#8221; text_color=&#8221;custom&#8221; custom_text_color=&#8221;rgba(17,17,17,0.4)&#8221; el_class=&#8221;secondary-font&#8221; text=&#8221;Informaci\u00f3n de&#8221; font_size=&#8221;lg:18&#8243; line_height=&#8221;1.29&#8243;][tm_spacer size=&#8221;lg:17&#8243;][tm_heading style=&#8221;float-shadow&#8221; custom_google_font=&#8221;&#8221; font_weight=&#8221;200&#8243; text=&#8221;Renta educativa&#8221; font_size=&#8221;sm:34;md:40;lg:46&#8243; line_height=&#8221;1.29&#8243;][tm_spacer size=&#8221;lg:50&#8243;][\/vc_column_inner][vc_column_inner width=&#8221;1\/2&#8243;][tm_button button=&#8221;url:http%3A%2F%2Fdianamoraseguros.com.co%2Findex.php%2Fpages%2Fcontactanos%2F|title:Cont%C3%A1ctanos||&#8221; align=&#8221;right&#8221; sm_align=&#8221;left&#8221; color=&#8221;custom&#8221; button_bg_color=&#8221;custom&#8221; font_color=&#8221;custom&#8221; button_bg_color_hover=&#8221;primary&#8221; font_color_hover=&#8221;custom&#8221; rounded=&#8221;0&#8243; box_shadow=&#8221;none&#8221; custom_button_bg_color=&#8221;#ededed&#8221; custom_font_color=&#8221;#111111&#8243; custom_font_color_hover=&#8221;#ffffff&#8221;][tm_spacer size=&#8221;lg:50&#8243;][\/vc_column_inner][\/vc_row_inner][tm_heading custom_google_font=&#8221;&#8221; google_fonts=&#8221;font_family:Poppins%3A300%2Cregular%2C500%2C600%2C700|font_style:300%20light%20regular%3A300%3Anormal&#8221; text=&#8221;Si quieres planear tus sue\u00f1os a mediano y largo plazo desde ya, este seguro es tu mejor aliado para lograrlo.&#8221; font_size=&#8221;lg:18&#8243;][tm_spacer size=&#8221;lg:29&#8243;][tm_slider_group content_shadow=&#8221;1&#8243; pagination=&#8221;10&#8243; gutter=&#8221;&#8221; items_display=&#8221;xs:1;sm:2;md:3;lg:3&#8243;][tm_box_icon style=&#8221;08&#8243; align=&#8221;center&#8221; icon_type=&#8221;linea&#8221; icon_linea=&#8221;linea-basic-globe&#8221; heading=&#8221;Metas&#8221; text=&#8221;Lograr las metas definidas para ti o tus seres queridos.&#8221; background_image=&#8221;5388&#8243; button=&#8221;url:%23|||&#8221; box_link=&#8221;url:%23|title:Learn%20More||&#8221;][tm_box_icon style=&#8221;08&#8243; align=&#8221;center&#8221; icon_type=&#8221;linea&#8221; icon_linea=&#8221;linea-basic-anticlockwise&#8221; heading=&#8221;Pagos&#8221; text=&#8221;Estructurar un plan de pagos para construir un capital para estudio.&#8221; background_image=&#8221;5387&#8243; button=&#8221;url:%23|||&#8221; box_link=&#8221;url:%23|title:Learn%20More||&#8221;][tm_box_icon style=&#8221;08&#8243; align=&#8221;center&#8221; icon_type=&#8221;linea&#8221; icon_linea=&#8221;linea-basic-archive-full&#8221; heading=&#8221;Respaldo&#8221; text=&#8221;Acumular el respaldo econ\u00f3mico que te desembolsaremos en la matr\u00edcula.&#8221; background_image=&#8221;5389&#8243; button=&#8221;url:%23|||&#8221; box_link=&#8221;url:%23|title:Learn%20More||&#8221;][\/tm_slider_group][tm_spacer size=&#8221;xs:100;sm:100;md:100;lg:100&#8243;][\/vc_column][\/vc_row][vc_row full_width=&#8221;stretch_row&#8221; content_placement=&#8221;middle&#8221; height=&#8221;full-calc&#8221; background_color=&#8221;custom&#8221; lg_spacing=&#8221;padding_top:120;padding_bottom:120&#8243; custom_background_color=&#8221;#f9f9f9&#8243; onepage_anchor=&#8221;about&#8221;][vc_column][vc_row_inner content_placement=&#8221;middle&#8221;][vc_column_inner width=&#8221;1\/2&#8243;][tm_heading custom_google_font=&#8221;&#8221; font_weight=&#8221;600&#8243; font_style=&#8221;italic&#8221; text_color=&#8221;custom&#8221; custom_text_color=&#8221;rgba(17,17,17,0.4)&#8221; el_class=&#8221;secondary-font&#8221; text=&#8221;Informaci\u00f3n de&#8221; font_size=&#8221;lg:18&#8243; line_height=&#8221;1.29&#8243;][tm_spacer size=&#8221;lg:17&#8243;][tm_heading style=&#8221;float-shadow&#8221; custom_google_font=&#8221;&#8221; font_weight=&#8221;200&#8243; text=&#8221;Renta pensional&#8221; font_size=&#8221;sm:34;md:40;lg:46&#8243; line_height=&#8221;1.29&#8243;][tm_spacer size=&#8221;lg:50&#8243;][\/vc_column_inner][vc_column_inner width=&#8221;1\/2&#8243;][tm_button button=&#8221;url:http%3A%2F%2Fdianamoraseguros.com.co%2Findex.php%2Fpages%2Fcontactanos%2F|title:Cont%C3%A1ctanos||&#8221; align=&#8221;right&#8221; sm_align=&#8221;left&#8221; color=&#8221;custom&#8221; button_bg_color=&#8221;custom&#8221; font_color=&#8221;custom&#8221; button_bg_color_hover=&#8221;primary&#8221; font_color_hover=&#8221;custom&#8221; rounded=&#8221;0&#8243; box_shadow=&#8221;none&#8221; custom_button_bg_color=&#8221;#ededed&#8221; custom_font_color=&#8221;#111111&#8243; custom_font_color_hover=&#8221;#ffffff&#8221;][tm_spacer size=&#8221;lg:50&#8243;][\/vc_column_inner][\/vc_row_inner][tm_heading custom_google_font=&#8221;&#8221; google_fonts=&#8221;font_family:Poppins%3A300%2Cregular%2C500%2C600%2C700|font_style:300%20light%20regular%3A300%3Anormal&#8221; text=&#8221;Si quieres planear tus sue\u00f1os a mediano y largo plazo desde ya, este seguro es tu mejor aliado para lograrlo.&#8221; font_size=&#8221;lg:18&#8243;][tm_spacer size=&#8221;lg:29&#8243;][tm_slider_group content_shadow=&#8221;1&#8243; pagination=&#8221;10&#8243; gutter=&#8221;&#8221; items_display=&#8221;xs:1;sm:2;md:3;lg:3&#8243;][tm_box_icon style=&#8221;08&#8243; align=&#8221;center&#8221; icon_type=&#8221;linea&#8221; icon_linea=&#8221;linea-basic-lock&#8221; heading=&#8221;Garant\u00eda financiera&#8221; text=&#8221;El ingreso mensual que recibes no pierde valor en el tiempo porque el riesgo financiero en el largo plazo lo asumimos nosotros.&#8221; background_image=&#8221;5392&#8243; button=&#8221;url:%23|||&#8221; box_link=&#8221;url:%23|title:Learn%20More||&#8221;][tm_box_icon style=&#8221;08&#8243; align=&#8221;center&#8221; icon_type=&#8221;linea&#8221; icon_linea=&#8221;linea-basic-anticlockwise&#8221; heading=&#8221;Garant\u00eda fiscal&#8221; text=&#8221;Por ser un seguro privado de pensiones, podr\u00e1s optimizar el pago de impuestos. Esta regulaci\u00f3n tributaria la encuentras en el art\u00edculo 126-1 del Estatuto Tributario y puedes validarla con tu asesor tributario.&#8221; background_image=&#8221;5391&#8243; button=&#8221;url:%23|||&#8221; box_link=&#8221;url:%23|title:Learn%20More||&#8221;][tm_box_icon style=&#8221;08&#8243; align=&#8221;center&#8221; icon_type=&#8221;linea&#8221; icon_linea=&#8221;linea-basic-lightbulb&#8221; heading=&#8221;Garant\u00eda jur\u00eddica&#8221; text=&#8221;Los aportes que realices al Seguro de Pensi\u00f3n no son parte de tu patrimonio, por lo tanto, no son embargables.&#8221; background_image=&#8221;5390&#8243; button=&#8221;url:%23|||&#8221; box_link=&#8221;url:%23|title:Learn%20More||&#8221;][\/tm_slider_group][tm_spacer size=&#8221;xs:50;sm:50;md:50;lg:50&#8243;][\/vc_column][\/vc_row]<\/p>\n","protected":false},"excerpt":{"rendered":"<p>[vc_row full_width=&#8221;stretch_row_content&#8221; content_placement=&#8221;middle&#8221;][vc_column][\/vc_column][\/vc_row][vc_row full_width=&#8221;stretch_row&#8221; content_placement=&#8221;middle&#8221; height=&#8221;full-calc&#8221; background_color=&#8221;custom&#8221; lg_spacing=&#8221;padding_top:120;padding_bottom:120&#8243; custom_background_color=&#8221;#f9f9f9&#8243; onepage_anchor=&#8221;about&#8221;][vc_column][vc_row_inner content_placement=&#8221;middle&#8221;][vc_column_inner width=&#8221;1\/2&#8243;][tm_heading custom_google_font=&#8221;&#8221; font_weight=&#8221;600&#8243; font_style=&#8221;italic&#8221; text_color=&#8221;custom&#8221; custom_text_color=&#8221;rgba(17,17,17,0.4)&#8221; el_class=&#8221;secondary-font&#8221; text=&#8221;Informaci\u00f3n de&#8221; font_size=&#8221;lg:18&#8243; line_height=&#8221;1.29&#8243;][tm_spacer size=&#8221;lg:17&#8243;][tm_heading style=&#8221;float-shadow&#8221; custom_google_font=&#8221;&#8221; font_weight=&#8221;200&#8243; text=&#8221;Renta educativa&#8221; font_size=&#8221;sm:34;md:40;lg:46&#8243; line_height=&#8221;1.29&#8243;][tm_spacer size=&#8221;lg:50&#8243;][\/vc_column_inner][vc_column_inner width=&#8221;1\/2&#8243;][tm_button button=&#8221;url:http%3A%2F%2Fdianamoraseguros.com.co%2Findex.php%2Fpages%2Fcontactanos%2F|title:Cont%C3%A1ctanos||&#8221; align=&#8221;right&#8221; sm_align=&#8221;left&#8221; color=&#8221;custom&#8221; button_bg_color=&#8221;custom&#8221; font_color=&#8221;custom&#8221; button_bg_color_hover=&#8221;primary&#8221; font_color_hover=&#8221;custom&#8221; rounded=&#8221;0&#8243; box_shadow=&#8221;none&#8221; custom_button_bg_color=&#8221;#ededed&#8221; custom_font_color=&#8221;#111111&#8243; custom_font_color_hover=&#8221;#ffffff&#8221;][tm_spacer size=&#8221;lg:50&#8243;][\/vc_column_inner][\/vc_row_inner][tm_heading custom_google_font=&#8221;&#8221; google_fonts=&#8221;font_family:Poppins%3A300%2Cregular%2C500%2C600%2C700|font_style:300%20light%20regular%3A300%3Anormal&#8221; text=&#8221;Si quieres planear tus sue\u00f1os a mediano y largo plazo desde ya, este seguro es tu mejor aliado para lograrlo.&#8221; font_size=&#8221;lg:18&#8243;][tm_spacer size=&#8221;lg:29&#8243;][tm_slider_group content_shadow=&#8221;1&#8243; pagination=&#8221;10&#8243; gutter=&#8221;&#8221; items_display=&#8221;xs:1;sm:2;md:3;lg:3&#8243;][tm_box_icon style=&#8221;08&#8243; align=&#8221;center&#8221; icon_type=&#8221;linea&#8221; icon_linea=&#8221;linea-basic-globe&#8221; heading=&#8221;Metas&#8221; text=&#8221;Lograr las metas definidas para ti o tus seres queridos.&#8221; background_image=&#8221;5388&#8243; button=&#8221;url:%23|||&#8221; box_link=&#8221;url:%23|title:Learn%20More||&#8221;][tm_box_icon style=&#8221;08&#8243; align=&#8221;center&#8221; icon_type=&#8221;linea&#8221; icon_linea=&#8221;linea-basic-anticlockwise&#8221; heading=&#8221;Pagos&#8221; text=&#8221;Estructurar un plan de pagos para construir un capital para estudio.&#8221; background_image=&#8221;5387&#8243; button=&#8221;url:%23|||&#8221; box_link=&#8221;url:%23|title:Learn%20More||&#8221;][tm_box_icon style=&#8221;08&#8243; align=&#8221;center&#8221; icon_type=&#8221;linea&#8221; icon_linea=&#8221;linea-basic-archive-full&#8221; heading=&#8221;Respaldo&#8221; text=&#8221;Acumular el respaldo econ\u00f3mico que te desembolsaremos en la matr\u00edcula.&#8221; background_image=&#8221;5389&#8243; button=&#8221;url:%23|||&#8221; box_link=&#8221;url:%23|title:Learn%20More||&#8221;][\/tm_slider_group][tm_spacer size=&#8221;xs:100;sm:100;md:100;lg:100&#8243;][\/vc_column][\/vc_row][vc_row full_width=&#8221;stretch_row&#8221; content_placement=&#8221;middle&#8221; height=&#8221;full-calc&#8221; background_color=&#8221;custom&#8221; lg_spacing=&#8221;padding_top:120;padding_bottom:120&#8243; custom_background_color=&#8221;#f9f9f9&#8243; onepage_anchor=&#8221;about&#8221;][vc_column][vc_row_inner content_placement=&#8221;middle&#8221;][vc_column_inner width=&#8221;1\/2&#8243;][tm_heading custom_google_font=&#8221;&#8221; font_weight=&#8221;600&#8243; font_style=&#8221;italic&#8221; text_color=&#8221;custom&#8221; custom_text_color=&#8221;rgba(17,17,17,0.4)&#8221; el_class=&#8221;secondary-font&#8221; text=&#8221;Informaci\u00f3n de&#8221; font_size=&#8221;lg:18&#8243; line_height=&#8221;1.29&#8243;][tm_spacer size=&#8221;lg:17&#8243;][tm_heading style=&#8221;float-shadow&#8221; custom_google_font=&#8221;&#8221; font_weight=&#8221;200&#8243; text=&#8221;Renta pensional&#8221; font_size=&#8221;sm:34;md:40;lg:46&#8243; line_height=&#8221;1.29&#8243;][tm_spacer size=&#8221;lg:50&#8243;][\/vc_column_inner][vc_column_inner width=&#8221;1\/2&#8243;][tm_button button=&#8221;url:http%3A%2F%2Fdianamoraseguros.com.co%2Findex.php%2Fpages%2Fcontactanos%2F|title:Cont%C3%A1ctanos||&#8221; align=&#8221;right&#8221; sm_align=&#8221;left&#8221; color=&#8221;custom&#8221; button_bg_color=&#8221;custom&#8221; font_color=&#8221;custom&#8221; button_bg_color_hover=&#8221;primary&#8221; font_color_hover=&#8221;custom&#8221; rounded=&#8221;0&#8243; box_shadow=&#8221;none&#8221; custom_button_bg_color=&#8221;#ededed&#8221; custom_font_color=&#8221;#111111&#8243; custom_font_color_hover=&#8221;#ffffff&#8221;][tm_spacer size=&#8221;lg:50&#8243;][\/vc_column_inner][\/vc_row_inner][tm_heading custom_google_font=&#8221;&#8221; google_fonts=&#8221;font_family:Poppins%3A300%2Cregular%2C500%2C600%2C700|font_style:300%20light%20regular%3A300%3Anormal&#8221; text=&#8221;Si quieres planear tus sue\u00f1os a mediano y largo plazo desde ya, este seguro es tu mejor aliado para lograrlo.&#8221; font_size=&#8221;lg:18&#8243;][tm_spacer size=&#8221;lg:29&#8243;][tm_slider_group content_shadow=&#8221;1&#8243; pagination=&#8221;10&#8243; gutter=&#8221;&#8221; items_display=&#8221;xs:1;sm:2;md:3;lg:3&#8243;][tm_box_icon style=&#8221;08&#8243; align=&#8221;center&#8221; icon_type=&#8221;linea&#8221; icon_linea=&#8221;linea-basic-lock&#8221; heading=&#8221;Garant\u00eda financiera&#8221; text=&#8221;El ingreso mensual que recibes no pierde valor en el tiempo porque el riesgo financiero en el largo plazo lo asumimos nosotros.&#8221; background_image=&#8221;5392&#8243; button=&#8221;url:%23|||&#8221; box_link=&#8221;url:%23|title:Learn%20More||&#8221;][tm_box_icon style=&#8221;08&#8243; align=&#8221;center&#8221; icon_type=&#8221;linea&#8221; icon_linea=&#8221;linea-basic-anticlockwise&#8221; heading=&#8221;Garant\u00eda fiscal&#8221; text=&#8221;Por ser un seguro privado de pensiones, podr\u00e1s optimizar el pago de impuestos. Esta regulaci\u00f3n tributaria la encuentras en el art\u00edculo 126-1 del Estatuto Tributario y puedes validarla con tu asesor tributario.&#8221; background_image=&#8221;5391&#8243; button=&#8221;url:%23|||&#8221; box_link=&#8221;url:%23|title:Learn%20More||&#8221;][tm_box_icon style=&#8221;08&#8243; align=&#8221;center&#8221; icon_type=&#8221;linea&#8221; icon_linea=&#8221;linea-basic-lightbulb&#8221; heading=&#8221;Garant\u00eda jur\u00eddica&#8221; text=&#8221;Los aportes que realices al Seguro de Pensi\u00f3n no son parte de tu patrimonio, por lo tanto, no son embargables.&#8221; background_image=&#8221;5390&#8243; button=&#8221;url:%23|||&#8221; box_link=&#8221;url:%23|title:Learn%20More||&#8221;][\/tm_slider_group][tm_spacer size=&#8221;xs:50;sm:50;md:50;lg:50&#8243;][\/vc_column][\/vc_row]<\/p>\n","protected":false},"author":1,"featured_media":0,"parent":1335,"menu_order":0,"comment_status":"closed","ping_status":"closed","template":"templates\/one-page-scroll.php","meta":{"footnotes":""},"class_list":["post-5254","page","type-page","status-publish","hentry","post-no-thumbnail"],"_links":{"self":[{"href":"https:\/\/dianamoraseguros.com.co\/index.php\/wp-json\/wp\/v2\/pages\/5254","targetHints":{"allow":["GET"]}}],"collection":[{"href":"https:\/\/dianamoraseguros.com.co\/index.php\/wp-json\/wp\/v2\/pages"}],"about":[{"href":"https:\/\/dianamoraseguros.com.co\/index.php\/wp-json\/wp\/v2\/types\/page"}],"author":[{"embeddable":true,"href":"https:\/\/dianamoraseguros.com.co\/index.php\/wp-json\/wp\/v2\/users\/1"}],"replies":[{"embeddable":true,"href":"https:\/\/dianamoraseguros.com.co\/index.php\/wp-json\/wp\/v2\/comments?post=5254"}],"version-history":[{"count":7,"href":"https:\/\/dianamoraseguros.com.co\/index.php\/wp-json\/wp\/v2\/pages\/5254\/revisions"}],"predecessor-version":[{"id":5393,"href":"https:\/\/dianamoraseguros.com.co\/index.php\/wp-json\/wp\/v2\/pages\/5254\/revisions\/5393"}],"up":[{"embeddable":true,"href":"https:\/\/dianamoraseguros.com.co\/index.php\/wp-json\/wp\/v2\/pages\/1335"}],"wp:attachment":[{"href":"https:\/\/dianamoraseguros.com.co\/index.php\/wp-json\/wp\/v2\/media?parent=5254"}],"curies":[{"name":"wp","href":"https:\/\/api.w.org\/{rel}","templated":true}]}}